{"id":15,"date":"2025-07-04T13:16:07","date_gmt":"2025-07-04T13:16:07","guid":{"rendered":"http:\/\/kukkakauppamimosa.com\/?page_id=15"},"modified":"2025-07-16T16:42:06","modified_gmt":"2025-07-16T16:42:06","slug":"etusivu","status":"publish","type":"page","link":"https:\/\/kukkakauppamimosa.com\/","title":{"rendered":"Etusivu"},"content":{"rendered":"\n<p>Tervetuloa palvelevaan Kukkakauppa Mimosaan! <\/p>\n\n\n\n<p>Mimosa erikoistuu leikkokukkiin; saat meilt\u00e4 kukat joka tilanteeseen el\u00e4m\u00e4ss\u00e4; oli kyse sitten ilosta tai surusta. <\/p>\n\n\n\n<p>Kukkien hyv\u00e4 laatu ja tuoreus, sek\u00e4 luonnonl\u00e4heisyys ovat kulmakivi\u00e4 kukkasidonnassamme. <\/p>\n\n\n\n<p>Meill\u00e4 on aina valmiita kukkakimppuja ja hyv\u00e4 valikoima sesongin mukaisia leikkokukkia. Voit tilata ennakkoon tai tulla vain kauppaan, ja toteutamme kukkatoiveesi. Voit tilata my\u00f6s kotiinkuljetuksen, esim E-Kukkav\u00e4lityksen kautta tai ihan vain soittamalla. Halutessasi toimitamme my\u00f6s kukat siunauksiin Imatralla ja Ruokolahdella.<\/p>\n\n\n\n<p><\/p>\n","protected":false},"excerpt":{"rendered":"<p>Tervetuloa palvelevaan Kukkakauppa Mimosaan! Mimosa erikoistuu leikkokukkiin; saat meilt\u00e4 kukat joka tilanteeseen el\u00e4m\u00e4ss\u00e4; oli kyse sitten ilosta tai surusta. Kukkien hyv\u00e4 laatu ja tuoreus, sek\u00e4 luonnonl\u00e4heisyys ovat kulmakivi\u00e4 kukkasidonnassamme. Meill\u00e4 on aina valmiita kukkakimppuja ja hyv\u00e4 valikoima sesongin mukaisia leikkokukkia. Voit tilata ennakkoon tai tulla vain kauppaan, ja toteutamme kukkatoiveesi. Voit tilata my\u00f6s kotiinkuljetuksen, esim [&hellip;]<\/p>\n","protected":false},"author":1,"featured_media":0,"parent":0,"menu_order":0,"comment_status":"closed","ping_status":"closed","template":"","meta":{"footnotes":""},"class_list":["post-15","page","type-page","status-publish","hentry"],"_links":{"self":[{"href":"https:\/\/kukkakauppamimosa.com\/index.php?rest_route=\/wp\/v2\/pages\/15","targetHints":{"allow":["GET"]}}],"collection":[{"href":"https:\/\/kukkakauppamimosa.com\/index.php?rest_route=\/wp\/v2\/pages"}],"about":[{"href":"https:\/\/kukkakauppamimosa.com\/index.php?rest_route=\/wp\/v2\/types\/page"}],"author":[{"embeddable":true,"href":"https:\/\/kukkakauppamimosa.com\/index.php?rest_route=\/wp\/v2\/users\/1"}],"replies":[{"embeddable":true,"href":"https:\/\/kukkakauppamimosa.com\/index.php?rest_route=%2Fwp%2Fv2%2Fcomments&post=15"}],"version-history":[{"count":4,"href":"https:\/\/kukkakauppamimosa.com\/index.php?rest_route=\/wp\/v2\/pages\/15\/revisions"}],"predecessor-version":[{"id":216,"href":"https:\/\/kukkakauppamimosa.com\/index.php?rest_route=\/wp\/v2\/pages\/15\/revisions\/216"}],"wp:attachment":[{"href":"https:\/\/kukkakauppamimosa.com\/index.php?rest_route=%2Fwp%2Fv2%2Fmedia&parent=15"}],"curies":[{"name":"wp","href":"https:\/\/api.w.org\/{rel}","templated":true}]}}