{"id":16,"date":"2025-07-04T13:16:08","date_gmt":"2025-07-04T13:16:08","guid":{"rendered":"http:\/\/kukkakauppamimosa.com\/?page_id=16"},"modified":"2025-08-23T06:31:08","modified_gmt":"2025-08-23T06:31:08","slug":"esittely","status":"publish","type":"page","link":"https:\/\/kukkakauppamimosa.com\/?page_id=16","title":{"rendered":"Esittely"},"content":{"rendered":"\n<p>Kukkakauppiaastasi&#8230;<\/p>\n\n\n\n<p>Moikka! Mie oon Minna Siki\u00f6, floristi ja puutarhuri.  Syksyll\u00e4 2025 olen aloittanut floristimestari-opinnot. <\/p>\n\n\n\n<p>Ensimm\u00e4inen varsinainen ty\u00f6paikkani aikanaan oli maatila. Jo em\u00e4nt\u00e4koulussa parikymppisen\u00e4 innostuin kukkasista. <\/p>\n\n\n\n<p>Floristiksi valmistuin vuonna 2006. <\/p>\n\n\n\n<p>Mie oon nyt toista kertaa kukkakauppiaana. Ensimm\u00e4inen Mimosa toimi Ruokolahdella vuosina 2005-2015. Sen j\u00e4lkeen ty\u00f6skentelin muissa kukkakaupoissa hetken ja sitten ihan toisella alallakin. <\/p>\n\n\n\n<p>N\u00e4in\u00e4 v\u00e4livuosina perustin useasti kukkakaupan uudelleen; nimitt\u00e4in unissani. <\/p>\n\n\n\n<p>Kun tilaisuus viimein tuli eteeni kev\u00e4\u00e4ll\u00e4 2024, p\u00e4\u00e4tin avata Mimosan uudelleen. <\/p>\n\n\n\n<p>Rakkaus kukkiin ja t\u00e4h\u00e4n alaan on kyll\u00e4 vienyt menness\u00e4\u00e4n. Olen onnellinen, kun saan luoda maailmaa kauniimmaksi kukilla. <\/p>\n\n\n\n<p>T\u00e4m\u00e4 on luovaa ja vaihtelevaa ty\u00f6t\u00e4; kahta samanlaista p\u00e4iv\u00e4\u00e4 ei ole. <\/p>\n\n\n\n<p>Suunnitellaan yhdess\u00e4 semmoiset kukat kuin haluat! T. Floristisi Minna <\/p>\n\n\n\n<p><\/p>\n","protected":false},"excerpt":{"rendered":"<p>Kukkakauppiaastasi&#8230; Moikka! Mie oon Minna Siki\u00f6, floristi ja puutarhuri. Syksyll\u00e4 2025 olen aloittanut floristimestari-opinnot. Ensimm\u00e4inen varsinainen ty\u00f6paikkani aikanaan oli maatila. Jo em\u00e4nt\u00e4koulussa parikymppisen\u00e4 innostuin kukkasista. Floristiksi valmistuin vuonna 2006. Mie oon nyt toista kertaa kukkakauppiaana. Ensimm\u00e4inen Mimosa toimi Ruokolahdella vuosina 2005-2015. Sen j\u00e4lkeen ty\u00f6skentelin muissa kukkakaupoissa hetken ja sitten ihan toisella alallakin. N\u00e4in\u00e4 v\u00e4livuosina perustin [&hellip;]<\/p>\n","protected":false},"author":1,"featured_media":0,"parent":0,"menu_order":0,"comment_status":"closed","ping_status":"closed","template":"","meta":{"footnotes":""},"class_list":["post-16","page","type-page","status-publish","hentry"],"_links":{"self":[{"href":"https:\/\/kukkakauppamimosa.com\/index.php?rest_route=\/wp\/v2\/pages\/16","targetHints":{"allow":["GET"]}}],"collection":[{"href":"https:\/\/kukkakauppamimosa.com\/index.php?rest_route=\/wp\/v2\/pages"}],"about":[{"href":"https:\/\/kukkakauppamimosa.com\/index.php?rest_route=\/wp\/v2\/types\/page"}],"author":[{"embeddable":true,"href":"https:\/\/kukkakauppamimosa.com\/index.php?rest_route=\/wp\/v2\/users\/1"}],"replies":[{"embeddable":true,"href":"https:\/\/kukkakauppamimosa.com\/index.php?rest_route=%2Fwp%2Fv2%2Fcomments&post=16"}],"version-history":[{"count":4,"href":"https:\/\/kukkakauppamimosa.com\/index.php?rest_route=\/wp\/v2\/pages\/16\/revisions"}],"predecessor-version":[{"id":223,"href":"https:\/\/kukkakauppamimosa.com\/index.php?rest_route=\/wp\/v2\/pages\/16\/revisions\/223"}],"wp:attachment":[{"href":"https:\/\/kukkakauppamimosa.com\/index.php?rest_route=%2Fwp%2Fv2%2Fmedia&parent=16"}],"curies":[{"name":"wp","href":"https:\/\/api.w.org\/{rel}","templated":true}]}}