{"id":61,"date":"2025-07-04T19:40:23","date_gmt":"2025-07-04T19:40:23","guid":{"rendered":"http:\/\/kukkakauppamimosa.com\/?page_id=61"},"modified":"2025-07-17T12:36:02","modified_gmt":"2025-07-17T12:36:02","slug":"yhteystiedot-2","status":"publish","type":"page","link":"https:\/\/kukkakauppamimosa.com\/?page_id=61","title":{"rendered":"Yhteystiedot"},"content":{"rendered":"\n<p>Tervetuloa kivijalkakukkakauppaan! <\/p>\n\n\n\n<p>Vuoksenniskantie 62 55800 Imatra <\/p>\n\n\n\n<p>puh. 0400 511 466<\/p>\n\n\n\n<p>kukkakauppamimosa@gmail.com <\/p>\n\n\n\n<p><\/p>\n\n\n\n<p><\/p>\n\n\n\n<p><a href=\"http:\/\/facebook.com\/kukkakauppamimosa\/\" data-type=\"link\" data-id=\"facebook.com\/kukkakauppamimosa\/\">facebook.com\/kukkakauppamimosa\/<\/a> <\/p>\n\n\n\n<p><a href=\"http:\/\/instagram.com\/kukkakauppamimosa\/\" data-type=\"link\" data-id=\"instagram.com\/kukkakauppamimosa\/\">instagram.com\/kukkakauppamimosa\/<\/a><\/p>\n\n\n\n<p>Aukioloajat:<\/p>\n\n\n\n<p>Ma-Pe 9-17 <\/p>\n\n\n\n<p>La 9-13 <\/p>\n\n\n\n<p>Aukioloajoissa voi ajoittain olla muutoksia. <\/p>\n\n\n\n<p>Ota sosiaalisen median sivumme seurantaan!!! Siell\u00e4 n\u00e4et ajankohtaiset asiat, kuten aukiolon muutokset, sek\u00e4 mit\u00e4 mukavinta: kuvia kauniista kukkat\u00f6ist\u00e4 sek\u00e4 kulloinkin myyntiin tulleista tuotteista, tarjouksista, ideoista, tunnelmista ym ym &#8230;&#8230;&#8230;..<\/p>\n","protected":false},"excerpt":{"rendered":"<p>Tervetuloa kivijalkakukkakauppaan! Vuoksenniskantie 62 55800 Imatra puh. 0400 511 466 kukkakauppamimosa@gmail.com facebook.com\/kukkakauppamimosa\/ instagram.com\/kukkakauppamimosa\/ Aukioloajat: Ma-Pe 9-17 La 9-13 Aukioloajoissa voi ajoittain olla muutoksia. Ota sosiaalisen median sivumme seurantaan!!! Siell\u00e4 n\u00e4et ajankohtaiset asiat, kuten aukiolon muutokset, sek\u00e4 mit\u00e4 mukavinta: kuvia kauniista kukkat\u00f6ist\u00e4 sek\u00e4 kulloinkin myyntiin tulleista tuotteista, tarjouksista, ideoista, tunnelmista ym ym &#8230;&#8230;&#8230;..<\/p>\n","protected":false},"author":1,"featured_media":0,"parent":0,"menu_order":0,"comment_status":"closed","ping_status":"closed","template":"","meta":{"footnotes":""},"class_list":["post-61","page","type-page","status-publish","hentry"],"_links":{"self":[{"href":"https:\/\/kukkakauppamimosa.com\/index.php?rest_route=\/wp\/v2\/pages\/61","targetHints":{"allow":["GET"]}}],"collection":[{"href":"https:\/\/kukkakauppamimosa.com\/index.php?rest_route=\/wp\/v2\/pages"}],"about":[{"href":"https:\/\/kukkakauppamimosa.com\/index.php?rest_route=\/wp\/v2\/types\/page"}],"author":[{"embeddable":true,"href":"https:\/\/kukkakauppamimosa.com\/index.php?rest_route=\/wp\/v2\/users\/1"}],"replies":[{"embeddable":true,"href":"https:\/\/kukkakauppamimosa.com\/index.php?rest_route=%2Fwp%2Fv2%2Fcomments&post=61"}],"version-history":[{"count":11,"href":"https:\/\/kukkakauppamimosa.com\/index.php?rest_route=\/wp\/v2\/pages\/61\/revisions"}],"predecessor-version":[{"id":221,"href":"https:\/\/kukkakauppamimosa.com\/index.php?rest_route=\/wp\/v2\/pages\/61\/revisions\/221"}],"wp:attachment":[{"href":"https:\/\/kukkakauppamimosa.com\/index.php?rest_route=%2Fwp%2Fv2%2Fmedia&parent=61"}],"curies":[{"name":"wp","href":"https:\/\/api.w.org\/{rel}","templated":true}]}}